{"id":75,"date":"2025-08-12T21:43:44","date_gmt":"2025-08-12T21:43:44","guid":{"rendered":"https:\/\/gas.mif.mybluehost.me\/website_7fbf7d4f\/?page_id=75"},"modified":"2025-08-21T18:58:09","modified_gmt":"2025-08-21T18:58:09","slug":"calendarios","status":"publish","type":"page","link":"https:\/\/citro-uv.com\/website_7fbf7d4f\/calendarios\/","title":{"rendered":"Calendarios"},"content":{"rendered":"\n<div class=\"wp-block-columns is-layout-flex wp-container-core-columns-is-layout-28f84493 wp-block-columns-is-layout-flex\">\n<div class=\"wp-block-column is-layout-flow wp-block-column-is-layout-flow\" style=\"flex-basis:100%\">\n<div class=\"wp-block-group has-global-padding is-layout-constrained wp-block-group-is-layout-constrained\">\n<script src=\"https:\/\/cdn.tailwindcss.com\"><\/script>\n\n<header class=\"bg-white shadow-sm sticky top-0 z-50\"><nav class=\"container mx-auto px-6 py-3 flex justify-between items-center\"><a class=\"text-2xl font-extrabold text-green-800 tracking-tight flex items-center\" href=\"index.html\">\n<i class=\"fas fa-leaf mr-2 opacity-80\"><\/i>CITRO\n<\/a>\n<div class=\"hidden md:flex items-center space-x-8\"><a class=\"nav-link text-gray-600 hover:text-green-700 font-medium\" href=\"index.html\">Inicio<\/a>\n<a class=\"nav-link text-gray-600 hover:text-green-700 font-medium\" href=\"https:\/\/gas.mif.mybluehost.me\/website_6ae54646\/codigos-html\/\">Acad\u00e9micos<\/a>\n<a class=\"nav-link text-gray-600 hover:text-green-700 font-medium\" href=\"https:\/\/gas.mif.mybluehost.me\/website_6ae54646\/estudiantes\/\">Estudiantes<\/a>\n<a class=\"nav-link active text-green-700 font-semibold\" href=\"calendario.html\">Calendarios<\/a>\n<a class=\"nav-link text-gray-600 hover:text-green-700 font-medium\" href=\"https:\/\/gas.mif.mybluehost.me\/website_6ae54646\/documentos\/\">Documentos<\/a><\/div>\n<div class=\"hidden md:flex items-center\"><a class=\"bg-green-700 text-white font-bold py-2 px-5 rounded-full hover:bg-green-800 transition-colors\" href=\"#\">\nContacto\n<\/a><\/div>\n<div class=\"md:hidden\"><button id=\"mobile-menu-button\" class=\"text-gray-600 hover:text-green-700 focus:outline-none\">\n<i class=\"fas fa-bars fa-lg\"><\/i>\n<\/button><\/div>\n<\/nav>\n<div id=\"mobile-menu\" class=\"hidden md:hidden bg-white border-t\"><a class=\"block py-2 px-6 text-gray-700 hover:bg-green-50\" href=\"index.html\">Inicio<\/a>\n<a class=\"block py-2 px-6 text-gray-700 hover:bg-green-50\" href=\"https:\/\/gas.mif.mybluehost.me\/website_6ae54646\/codigos-html\/\">Acad\u00e9micos<\/a>\n<a class=\"block py-2 px-6 text-gray-700 hover:bg-green-50\" href=\"https:\/\/gas.mif.mybluehost.me\/website_6ae54646\/estudiantes\/\">Estudiantes<\/a>\n<a class=\"block py-2 px-6 text-gray-700 hover:bg-green-50\" href=\"calendario.html\">Calendarios<\/a>\n<a class=\"block py-2 px-6 text-gray-700 hover:bg-green-50\" href=\"https:\/\/gas.mif.mybluehost.me\/website_6ae54646\/documentos\/\">Documentos<\/a><\/div>\n<\/header>\n<section id=\"calendarios\" class=\"py-24 bg-white\">\n<div class=\"container mx-auto px-6\">\n<div class=\"text-center mb-16\">\n<h1 class=\"text-4xl font-extrabold text-green-900 tracking-tight\">Calendarios CITRO<\/h1>\n<p class=\"text-gray-700 mt-3 text-lg max-w-2xl mx-auto\">Mantente al d\u00eda con las fechas importantes de la vida acad\u00e9mica y administrativa del CITRO.<\/p>\n\n<\/div>\n<div class=\"grid grid-cols-1 lg:grid-cols-2 gap-12\">\n<div class=\"bg-gray-50 p-8 rounded-2xl border shadow-lg\">\n<div class=\"flex items-center mb-4\"><i class=\"fas fa-graduation-cap text-3xl text-green-700\"><\/i>\n<h2 class=\"ml-4 text-2xl font-bold text-gray-900\">Calendario CITRO<\/h2>\n<\/div>\n<p class=\"text-gray-600 mb-6\">Fechas de inicio y fin de cursos, periodos vacacionales, d\u00edas festivos y eventos acad\u00e9micos relevantes.<\/p>\n\n<div class=\"w-full h-96 bg-white rounded-lg overflow-hidden border\"><iframe loading=\"lazy\" style=\"border: 0;\" src=\"https:\/\/calendar.google.com\/calendar\/embed?src=jcfaicus%40gmail.com&#038;ctz=America%2FMexico_City\" width=\"100%\" height=\"100%\" frameborder=\"0\" scrolling=\"no\"><\/iframe><\/div>\n<\/div>\n<div class=\"bg-gray-50 p-8 rounded-2xl border shadow-lg\">\n<div class=\"flex items-center mb-4\"><i class=\"fas fa-file-signature text-3xl text-green-700\"><\/i>\n<h2 class=\"ml-4 text-2xl font-bold text-gray-900\">Calendario de Tr\u00e1mites<\/h2>\n<\/div>\n<footer class=\"bg-green-900 text-green-100 py-8 mt-16\">\n<div class=\"container mx-auto px-6 text-center\">\n\n\u00a9 2025 Centro de Investigaciones Tropicales (CITRO). Todos los derechos reservados.\n\n<\/div>\n<\/footer><script><br \/>\n        const mobileMenuButton = document.getElementById('mobile-menu-button');<br \/>\n        const mobileMenu = document.getElementById('mobile-menu');<\/p>\n<p>        mobileMenuButton.addEventListener('click', () => {<br \/>\n            mobileMenu.classList.toggle('hidden');<br \/>\n        });<br \/>\n    <\/script>\n<\/div>\n<\/div>\n<\/div>\n","protected":false},"excerpt":{"rendered":"<p>CITRO Inicio Acad\u00e9micos Estudiantes Calendarios Documentos Contacto Inicio Acad\u00e9micos Estudiantes Calendarios Documentos Calendarios CITRO Mantente al d\u00eda con las fechas importantes de la vida acad\u00e9mica y administrativa del CITRO. Calendario CITRO Fechas de inicio y fin de cursos, periodos vacacionales, d\u00edas festivos y eventos acad\u00e9micos relevantes. Calendario de Tr\u00e1mites \u00a9 2025 Centro de Investigaciones Tropicales [&hellip;]<\/p>\n","protected":false},"author":1,"featured_media":0,"parent":0,"menu_order":1,"comment_status":"closed","ping_status":"closed","template":"","meta":{"nf_dc_page":"","om_disable_all_campaigns":false,"_monsterinsights_skip_tracking":false,"_monsterinsights_sitenote_active":false,"_monsterinsights_sitenote_note":"","_monsterinsights_sitenote_category":0,"footnotes":""},"class_list":["post-75","page","type-page","status-publish","hentry"],"aioseo_notices":[],"jetpack_sharing_enabled":true,"_links":{"self":[{"href":"https:\/\/citro-uv.com\/website_7fbf7d4f\/wp-json\/wp\/v2\/pages\/75","targetHints":{"allow":["GET"]}}],"collection":[{"href":"https:\/\/citro-uv.com\/website_7fbf7d4f\/wp-json\/wp\/v2\/pages"}],"about":[{"href":"https:\/\/citro-uv.com\/website_7fbf7d4f\/wp-json\/wp\/v2\/types\/page"}],"author":[{"embeddable":true,"href":"https:\/\/citro-uv.com\/website_7fbf7d4f\/wp-json\/wp\/v2\/users\/1"}],"replies":[{"embeddable":true,"href":"https:\/\/citro-uv.com\/website_7fbf7d4f\/wp-json\/wp\/v2\/comments?post=75"}],"version-history":[{"count":12,"href":"https:\/\/citro-uv.com\/website_7fbf7d4f\/wp-json\/wp\/v2\/pages\/75\/revisions"}],"predecessor-version":[{"id":401,"href":"https:\/\/citro-uv.com\/website_7fbf7d4f\/wp-json\/wp\/v2\/pages\/75\/revisions\/401"}],"wp:attachment":[{"href":"https:\/\/citro-uv.com\/website_7fbf7d4f\/wp-json\/wp\/v2\/media?parent=75"}],"curies":[{"name":"wp","href":"https:\/\/api.w.org\/{rel}","templated":true}]}}