{"id":52,"date":"2025-08-12T04:59:48","date_gmt":"2025-08-12T04:59:48","guid":{"rendered":"https:\/\/gas.mif.mybluehost.me\/website_7fbf7d4f\/?page_id=52"},"modified":"2025-09-01T02:19:06","modified_gmt":"2025-09-01T02:19:06","slug":"espacios","status":"publish","type":"page","link":"https:\/\/citro-uv.com\/website_7fbf7d4f\/espacios\/","title":{"rendered":"Aparta tu Espacio"},"content":{"rendered":"<p><!DOCTYPE html><br \/>\n<html lang=\"es-MX\"><br \/>\n<head><br \/>\n    <meta charset=\"UTF-8\"><br \/>\n    <meta name=\"viewport\" content=\"width=device-width, initial-scale=1.0\"><br \/>\n    <title>Reserva tu Cita<\/title>\n    <link rel=\"preconnect\" href=\"https:\/\/fonts.googleapis.com\">\n    <link rel=\"preconnect\" href=\"https:\/\/fonts.gstatic.com\" crossorigin>\n    <link href=\"https:\/\/fonts.googleapis.com\/css2?family=Inter:wght@400;500;600;700&#038;display=swap\" rel=\"stylesheet\">\n    <!-- Tailwind CSS CDN --><br \/>\n    <script src=\"https:\/\/cdn.tailwindcss.com\"><\/script><\/p>\n<style>\n        body {\n            font-family: 'Inter', sans-serif;\n        }\n    <\/style>\n<p><\/head><br \/>\n<body class=\"bg-gray-100 text-gray-800\"><\/p>\n<div class=\"container mx-auto p-4 sm:p-8\">\n<header class=\"text-center py-10\">\n<h1 class=\"text-4xl font-bold text-green-700 mb-2\">Reserva tu Cita<\/h1>\n<p class=\"text-lg text-gray-600\">\n                Utiliza el calendario a continuaci\u00f3n para ver mi disponibilidad y programar una cita.\n            <\/p>\n<\/header>\n<p>        <main><\/p>\n<section class=\"bg-white rounded-xl shadow-xl p-6 sm:p-10 mb-8 border border-gray-200\">\n<div class=\"max-w-4xl mx-auto\">\n                    <!--\n                        INSTRUCCIONES:\n                        1. Ve a tu calendario de Google.\n                        2. Haz clic en el engranaje (Configuraci\u00f3n) > Configuraci\u00f3n.\n                        3. En el men\u00fa de la izquierda, selecciona el calendario que quieres incrustar.\n                        4. En la secci\u00f3n \"Integrar calendario\", copia el c\u00f3digo HTML que aparece en el cuadro.\n                        5. Pega ese c\u00f3digo aqu\u00ed, reemplazando completamente la l\u00ednea del iframe de abajo.\n                    --><\/p>\n<div class=\"aspect-video w-full rounded-lg overflow-hidden\">\n                        <!-- Google Calendar Appointment Scheduling begin --><br \/>\n<iframe loading=\"lazy\" src=\"https:\/\/calendar.google.com\/calendar\/appointments\/AcZssZ3wxZQO_RwvvauEGSqbxg3itNWJeorDlT0FeYk=?gv=true\" style=\"border: 0\" width=\"100%\" height=\"600\" frameborder=\"0\"><\/iframe><br \/>\n<!-- end Google Calendar Appointment Scheduling --><br \/>\n                            style=&#8221;border: 0&#8243;<br \/>\n                            width=&#8221;100%&#8221;<br \/>\n                            height=&#8221;100%&#8221;<br \/>\n                            frameborder=&#8221;0&#8243;<br \/>\n                            scrolling=&#8221;no&#8221;<br \/>\n                            class=&#8221;rounded-lg&#8221;<br \/>\n                        ><\/iframe>\n                    <\/div>\n<\/p><\/div>\n<\/section>\n<p>        <\/main><\/p>\n<footer class=\"text-center py-6 text-gray-500\">\n<p>&copy; 2025 Mi Calendario de Citas. Todos los derechos reservados.<\/p>\n<\/footer><\/div>\n<p><\/body><br \/>\n<\/html><\/p>\n","protected":false},"excerpt":{"rendered":"<p>Reserva tu Cita Reserva tu Cita Utiliza el calendario a continuaci\u00f3n para ver mi disponibilidad y programar una cita. style=&#8221;border: 0&#8243; width=&#8221;100%&#8221; height=&#8221;100%&#8221; frameborder=&#8221;0&#8243; scrolling=&#8221;no&#8221; class=&#8221;rounded-lg&#8221; > &copy; 2025 Mi Calendario de Citas. Todos los derechos reservados.<\/p>\n","protected":false},"author":1,"featured_media":84,"parent":0,"menu_order":0,"comment_status":"closed","ping_status":"closed","template":"","meta":{"nf_dc_page":"","om_disable_all_campaigns":false,"_monsterinsights_skip_tracking":false,"_monsterinsights_sitenote_active":false,"_monsterinsights_sitenote_note":"","_monsterinsights_sitenote_category":0,"footnotes":""},"class_list":["post-52","page","type-page","status-publish","has-post-thumbnail","hentry"],"aioseo_notices":[],"jetpack_sharing_enabled":true,"_links":{"self":[{"href":"https:\/\/citro-uv.com\/website_7fbf7d4f\/wp-json\/wp\/v2\/pages\/52","targetHints":{"allow":["GET"]}}],"collection":[{"href":"https:\/\/citro-uv.com\/website_7fbf7d4f\/wp-json\/wp\/v2\/pages"}],"about":[{"href":"https:\/\/citro-uv.com\/website_7fbf7d4f\/wp-json\/wp\/v2\/types\/page"}],"author":[{"embeddable":true,"href":"https:\/\/citro-uv.com\/website_7fbf7d4f\/wp-json\/wp\/v2\/users\/1"}],"replies":[{"embeddable":true,"href":"https:\/\/citro-uv.com\/website_7fbf7d4f\/wp-json\/wp\/v2\/comments?post=52"}],"version-history":[{"count":20,"href":"https:\/\/citro-uv.com\/website_7fbf7d4f\/wp-json\/wp\/v2\/pages\/52\/revisions"}],"predecessor-version":[{"id":492,"href":"https:\/\/citro-uv.com\/website_7fbf7d4f\/wp-json\/wp\/v2\/pages\/52\/revisions\/492"}],"wp:featuredmedia":[{"embeddable":true,"href":"https:\/\/citro-uv.com\/website_7fbf7d4f\/wp-json\/wp\/v2\/media\/84"}],"wp:attachment":[{"href":"https:\/\/citro-uv.com\/website_7fbf7d4f\/wp-json\/wp\/v2\/media?parent=52"}],"curies":[{"name":"wp","href":"https:\/\/api.w.org\/{rel}","templated":true}]}}