{"id":365,"date":"2025-08-21T13:52:54","date_gmt":"2025-08-21T13:52:54","guid":{"rendered":"https:\/\/citro-uv.com\/website_7fbf7d4f\/?page_id=365"},"modified":"2025-09-01T01:17:49","modified_gmt":"2025-09-01T01:17:49","slug":"formatos-de-tramites","status":"publish","type":"page","link":"https:\/\/citro-uv.com\/website_7fbf7d4f\/formatos-de-tramites\/","title":{"rendered":"Formatos Posgrado"},"content":{"rendered":"<p><script src=\"https:\/\/cdn.tailwindcss.com\"><\/script><\/p>\n<style>\n        body {<br \/>\n            font-family: 'Inter', sans-serif;<br \/>\n            scroll-behavior: smooth;<br \/>\n        }<br \/>\n    <\/style>\n<p><!-- Secci\u00f3n Principal --><\/p>\n<p><main class=\"container mx-auto px-6 py-16\"><\/main><\/p>\n<section id=\"formatos\">\n<h2 class=\"text-4xl font-bold text-center text-[#003F5C] mb-2\">Gu\u00eda de Tr\u00e1mites y Formatos<\/h2>\n<p class=\"text-center text-lg text-gray-600 mb-12\">Encuentra aqu\u00ed todos los documentos necesarios para tus procesos acad\u00e9micos y administrativos.<\/p>\n<div class=\"bg-white p-8 md:p-12 rounded-lg shadow-lg\">\n<div class=\"space-y-8 max-w-3xl mx-auto\">\n<div>\n<h3 class=\"font-bold text-2xl text-[#58508D] mb-4 border-b-2 pb-2 border-[#58508D]\">Formatos Acad\u00e9micos<\/h3>\n<ul class=\"list-disc list-inside mt-4 space-y-3\">\n<li><a href=\"https:\/\/citro-uv.com\/website_7fbf7d4f\/wp-content\/uploads\/2025\/08\/CARTA_ESTUDIANTES_EN_CAMPO25-copia.docx\">Formato de salidas de campo<\/a><\/li>\n<li><a class=\"text-blue-600 hover:underline text-lg\" href=\"#\" download=\"Formato_Opinion_Movilidad.docx\">Formato de solicitud de opini\u00f3n sobre movilidad y cursos externos<\/a><\/li>\n<li><a class=\"text-blue-600 hover:underline text-lg\" href=\"#\" download=\"Formato_Aval_Actividad.docx\">Formato de solicitud de aval de actividad acad\u00e9mica<\/a><\/li>\n<li><a href=\"https:\/\/citro-uv.com\/website_7fbf7d4f\/wp-content\/uploads\/2025\/09\/lFormalizacion-comite-formato.docx\">Formato de solicitud de formalizaci\u00f3n del comit\u00e9 tutoria<\/a><a class=\"text-blue-600 hover:underline text-lg\" href=\"#\" download=\"Formato_Comite_Tutorial.docx\">l<\/a><\/li>\n<li><a title=\"Estudiantes\" href=\"https:\/\/citro-uv.com\/website_7fbf7d4f\/estudiantes\/\" target=\"_blank\" rel=\"noopener\">FORMULARIO DE EVALUACION DE COMITE TUTORAL<\/a><\/li>\n<\/ul>\n<\/div>\n<div>\n<h3 class=\"font-bold text-2xl text-[#58508D] mb-4 border-b-2 pb-2 border-[#58508D]\">Formatos Administrativos<\/h3>\n<ul class=\"list-disc list-inside mt-4 space-y-3\">\n<li><a class=\"text-blue-600 hover:underline text-lg\" href=\"#\" download=\"Formato_Apoyo_Economico.docx\">Formato de solicitud de apoyo econ\u00f3mico<\/a><\/li>\n<\/ul>\n<\/div>\n<div>\n<h3 class=\"font-bold text-2xl text-[#58508D] mb-4 border-b-2 pb-2 border-[#58508D]\">Formatos de Titulaci\u00f3n<\/h3>\n<ul class=\"list-disc list-inside mt-4 space-y-3\">\n<li><a class=\"text-blue-600 hover:underline text-lg\" href=\"#\" download=\"Formato_Visto_Bueno_Tesis.docx\">Formato de Visto Bueno de Tesis<\/a><\/li>\n<li><a class=\"text-blue-600 hover:underline text-lg\" href=\"#\" download=\"Formato_Solicitud_Examen.docx\">Formato de Solicitud de Examen de Grado<\/a><\/li>\n<li><a class=\"text-blue-600 hover:underline text-lg\" href=\"#\" download=\"Formato_Solicitud_Pre-Examen.docx\">Formato de Solicitud de Pre-Examen (Generaciones 2007-2017)<\/a><\/li>\n<li><a class=\"text-blue-600 hover:underline text-lg\" href=\"#\" download=\"Formato_Acta_Aprobacion_Tesis.docx\">Formato de Acta de Aprobaci\u00f3n de Tesis<\/a><\/li>\n<li><a class=\"text-blue-600 hover:underline text-lg\" href=\"#\" download=\"Formato_Derechos_Autor.docx\">Formato de Hoja de Derechos de Autor<\/a><\/li>\n<li><a class=\"text-blue-600 hover:underline text-lg\" href=\"#\" download=\"Formato_Autorizacion_Repositorio.docx\">Formato de Autorizaci\u00f3n para Repositorio Institucional<\/a><\/li>\n<\/ul>\n<\/div>\n<div>\n<h3 class=\"font-bold text-2xl text-[#58508D] mb-4 border-b-2 pb-2 border-[#58508D]\">Tr\u00e1mite de T\u00edtulo y C\u00e9dula<\/h3>\n<p class=\"text-gray-700 mt-4 text-lg\">Este tr\u00e1mite se realiza personalmente en <span class=\"font-semibold\">Servicios Escolares<\/span> de la UV. Debes acudir con tu documentaci\u00f3n completa una vez finalizado el examen de grado.<\/p>\n<\/div>\n<\/div>\n<\/div>\n<\/section>\n<p><!-- Footer --><\/p>\n<footer class=\"bg-gray-800 text-white mt-16\">\n<div class=\"container mx-auto px-6 py-8 text-center\">\n<div class=\"flex flex-col items-center\">\n<p class=\"font-bold text-lg\">Universidad Veracruzana<\/p>\n<p>Centro de Investigaciones Tropicales (CITRO)<\/p>\n<div class=\"mt-6\"><img decoding=\"async\" loading=\"lazy\" class=\"w-32 h-32 rounded-lg\" src=\"http:\/\/googleusercontent.com\/file_content\/8\" alt=\"C\u00f3digo QR de acceso r\u00e1pido\" \/><\/p>\n<p class=\"text-sm mt-2 text-gray-400\">Acceso R\u00e1pido<\/p>\n<\/div>\n<p class=\"text-sm mt-6 text-gray-400\">\u00a9 2025. Esta es una propuesta de dise\u00f1o para la modernizaci\u00f3n de procesos.<\/p>\n<\/div>\n<\/div>\n<\/footer>\n","protected":false},"excerpt":{"rendered":"<p>Gu\u00eda de Tr\u00e1mites y Formatos Encuentra aqu\u00ed todos los documentos necesarios para tus procesos acad\u00e9micos y administrativos. Formatos Acad\u00e9micos Formato de salidas de campo Formato de solicitud de opini\u00f3n sobre movilidad y cursos externos Formato de solicitud de aval de actividad acad\u00e9mica Formato de solicitud de formalizaci\u00f3n del comit\u00e9 tutorial FORMULARIO DE EVALUACION DE COMITE [&hellip;]<\/p>\n","protected":false},"author":1,"featured_media":0,"parent":0,"menu_order":0,"comment_status":"closed","ping_status":"closed","template":"","meta":{"nf_dc_page":"","om_disable_all_campaigns":false,"_monsterinsights_skip_tracking":false,"_monsterinsights_sitenote_active":false,"_monsterinsights_sitenote_note":"","_monsterinsights_sitenote_category":0,"footnotes":""},"class_list":["post-365","page","type-page","status-publish","hentry"],"aioseo_notices":[],"jetpack_sharing_enabled":true,"_links":{"self":[{"href":"https:\/\/citro-uv.com\/website_7fbf7d4f\/wp-json\/wp\/v2\/pages\/365","targetHints":{"allow":["GET"]}}],"collection":[{"href":"https:\/\/citro-uv.com\/website_7fbf7d4f\/wp-json\/wp\/v2\/pages"}],"about":[{"href":"https:\/\/citro-uv.com\/website_7fbf7d4f\/wp-json\/wp\/v2\/types\/page"}],"author":[{"embeddable":true,"href":"https:\/\/citro-uv.com\/website_7fbf7d4f\/wp-json\/wp\/v2\/users\/1"}],"replies":[{"embeddable":true,"href":"https:\/\/citro-uv.com\/website_7fbf7d4f\/wp-json\/wp\/v2\/comments?post=365"}],"version-history":[{"count":7,"href":"https:\/\/citro-uv.com\/website_7fbf7d4f\/wp-json\/wp\/v2\/pages\/365\/revisions"}],"predecessor-version":[{"id":517,"href":"https:\/\/citro-uv.com\/website_7fbf7d4f\/wp-json\/wp\/v2\/pages\/365\/revisions\/517"}],"wp:attachment":[{"href":"https:\/\/citro-uv.com\/website_7fbf7d4f\/wp-json\/wp\/v2\/media?parent=365"}],"curies":[{"name":"wp","href":"https:\/\/api.w.org\/{rel}","templated":true}]}}