{"id":347,"date":"2025-08-20T18:24:11","date_gmt":"2025-08-20T18:24:11","guid":{"rendered":"https:\/\/gas.mif.mybluehost.me\/website_7fbf7d4f\/?page_id=347"},"modified":"2025-08-21T04:17:43","modified_gmt":"2025-08-21T04:17:43","slug":"guia-de-comprobacion","status":"publish","type":"page","link":"https:\/\/citro-uv.com\/website_7fbf7d4f\/guia-de-comprobacion\/","title":{"rendered":"Guia de Comprobacion"},"content":{"rendered":"<p><!DOCTYPE html><br \/>\n<html lang=\"es\"><br \/>\n<head><br \/>\n    <meta charset=\"UTF-8\"><br \/>\n    <meta name=\"viewport\" content=\"width=device-width, initial-scale=1.0\"><br \/>\n    <title>Panel de Apoyos a Estudiantes &#8211; CITRO<\/title><br \/>\n    <script src=\"https:\/\/cdn.tailwindcss.com\"><\/script>\n    <link href=\"https:\/\/fonts.googleapis.com\/css2?family=Inter:wght@400;500;600;700&#038;display=swap\" rel=\"stylesheet\">\n<style>\n        body {\n            font-family: 'Inter', sans-serif;\n        }\n        \/* Estilo para el scrollbar *\/\n        ::-webkit-scrollbar {\n            width: 8px;\n        }\n        ::-webkit-scrollbar-track {\n            background: #f1f1f1;\n        }\n        ::-webkit-scrollbar-thumb {\n            background: #888;\n            border-radius: 10px;\n        }\n        ::-webkit-scrollbar-thumb:hover {\n            background: #555;\n        }\n        .tab-active {\n            border-bottom-color: #1E40AF; \/* Un azul m\u00e1s oscuro *\/\n            color: #1E40AF;\n            font-weight: 600;\n        }\n    <\/style>\n<p><\/head><br \/>\n<body class=\"bg-gray-100 text-gray-800\"><\/p>\n<div class=\"container mx-auto p-4 sm:p-6 lg:p-8\">\n        <!-- Encabezado --><\/p>\n<header class=\"mb-8\">\n<div class=\"flex items-center justify-between bg-white p-4 rounded-xl shadow-md\">\n<div>\n<h1 class=\"text-2xl sm:text-3xl font-bold text-blue-900\">Panel de Apoyos a Estudiantes de Posgrado<\/h1>\n<p class=\"text-gray-500\">Centro de Investigaciones Tropicales (CITRO) &#8211; UV<\/p>\n<\/p><\/div>\n<div class=\"flex items-center space-x-2\">\n<div class=\"w-12 h-12 sm:w-16 sm:h-16 bg-cover rounded-full\" style=\"background-image: url('https:\/\/i.imgur.com\/Q313gCg.png')\"><\/div>\n<div class=\"w-12 h-12 sm:w-16 sm:h-16 bg-contain bg-no-repeat bg-center\" style=\"background-image: url('https:\/\/i.imgur.com\/k2w2F2E.png')\"><\/div>\n<\/p><\/div>\n<\/p><\/div>\n<\/header>\n<p>        <main><br \/>\n            <!-- M\u00e9tricas Clave --><\/p>\n<section id=\"metrics\" class=\"grid grid-cols-1 gap-6 mb-8\">\n<div class=\"bg-white p-6 rounded-xl shadow-md flex items-center space-x-4\">\n<div class=\"bg-blue-100 p-3 rounded-full\">\n                        <svg class=\"w-8 h-8 text-blue-600\" fill=\"none\" stroke=\"currentColor\" viewBox=\"0 0 24 24\" xmlns=\"http:\/\/www.w3.org\/2000\/svg\"><path stroke-linecap=\"round\" stroke-linejoin=\"round\" stroke-width=\"2\" d=\"M12 8c-1.657 0-3 .895-3 2s1.343 2 3 2 3 .895 3 2-1.343 2-3 2m0-8c1.11 0 2.08.402 2.599 1M12 8V7m0 1v.01\"><\/path><path stroke-linecap=\"round\" stroke-linejoin=\"round\" stroke-width=\"2\" d=\"M12 18h.01M12 6h.01M6 12h.01M18 12h.01M6 6h.01M18 6h.01M6 18h.01M18 18h.01\"><\/path><\/svg>\n                    <\/div>\n<div>\n<p class=\"text-gray-500 text-sm\">Apoyo M\u00e1ximo Semestral<\/p>\n<p class=\"text-2xl font-bold text-blue-900\">$5,000.00 MXN<\/p>\n<\/p><\/div>\n<\/p><\/div>\n<\/section>\n<p>            <!-- Pesta\u00f1as de Navegaci\u00f3n --><\/p>\n<div class=\"bg-white rounded-t-lg shadow-md\">\n<nav class=\"flex border-b-2 border-gray-200\">\n                    <button onclick=\"showTab('solicitud')\" class=\"tab-btn tab-active p-4 text-gray-500 border-b-4 border-transparent hover:bg-gray-50\">Proceso de Solicitud<\/button><br \/>\n                    <button onclick=\"showTab('comprobacion')\" class=\"tab-btn p-4 text-gray-500 border-b-4 border-transparent hover:bg-gray-50\">Comprobaci\u00f3n y Reposici\u00f3n<\/button><br \/>\n                    <button onclick=\"showTab('facturacion')\" class=\"tab-btn p-4 text-gray-500 border-b-4 border-transparent hover:bg-gray-50\">Datos de Facturaci\u00f3n<\/button><br \/>\n                    <button onclick=\"showTab('recordatorios')\" class=\"tab-btn p-4 text-gray-500 border-b-4 border-transparent hover:bg-gray-50\">Puntos Clave<\/button><br \/>\n                <\/nav>\n<\/p><\/div>\n<p>            <!-- Contenido de las Pesta\u00f1as --><\/p>\n<div class=\"bg-white p-6 rounded-b-lg shadow-md\">\n                <!-- Pesta\u00f1a Solicitud --><\/p>\n<div id=\"solicitud\" class=\"tab-content\">\n<h2 class=\"text-xl font-bold mb-4 text-blue-800\">Flujo del Proceso de Solicitud<\/h2>\n<div class=\"relative\">\n                         <!-- L\u00ednea de conexi\u00f3n --><\/p>\n<div class=\"absolute left-5 top-5 h-full border-l-2 border-blue-300 border-dashed\"><\/div>\n<div class=\"space-y-8\">\n                            <!-- Paso 1 --><\/p>\n<div class=\"flex items-start space-x-4 relative\">\n<div class=\"bg-blue-500 text-white w-10 h-10 rounded-full flex items-center justify-center font-bold z-10\">1<\/div>\n<div>\n<h3 class=\"font-semibold text-lg\">Tutor Acad\u00e9mico Inicia<\/h3>\n<p class=\"text-gray-600\">Entrega el formato de solicitud debidamente llenado ante la Oficial\u00eda de Partes.<\/p>\n<\/p><\/div>\n<\/p><\/div>\n<p>                            <!-- Paso 2 --><\/p>\n<div class=\"flex items-start space-x-4 relative\">\n<div class=\"bg-blue-500 text-white w-10 h-10 rounded-full flex items-center justify-center font-bold z-10\">2<\/div>\n<div>\n<h3 class=\"font-semibold text-lg\">Propuesta al Consejo T\u00e9cnico<\/h3>\n<p class=\"text-gray-600\">La solicitud es presentada y evaluada por el Consejo T\u00e9cnico para su autorizaci\u00f3n.<\/p>\n<\/p><\/div>\n<\/p><\/div>\n<p>                            <!-- Paso 3 --><\/p>\n<div class=\"flex items-start space-x-4 relative\">\n<div class=\"bg-blue-500 text-white w-10 h-10 rounded-full flex items-center justify-center font-bold z-10\">3<\/div>\n<div>\n<h3 class=\"font-semibold text-lg\">Canalizaci\u00f3n a Administraci\u00f3n<\/h3>\n<p class=\"text-gray-600\">Una vez autorizada, la solicitud se env\u00eda al \u00e1rea administrativa.<\/p>\n<\/p><\/div>\n<\/p><\/div>\n<p>                            <!-- Paso 4 --><\/p>\n<div class=\"flex items-start space-x-4 relative\">\n<div class=\"bg-blue-500 text-white w-10 h-10 rounded-full flex items-center justify-center font-bold z-10\">4<\/div>\n<div>\n<h3 class=\"font-semibold text-lg\">Validaci\u00f3n de Documentos<\/h3>\n<p class=\"text-gray-600\">La administraci\u00f3n valida que la documentaci\u00f3n cumpla con todos los requisitos necesarios.<\/p>\n<\/p><\/div>\n<\/p><\/div>\n<\/p><\/div>\n<\/p><\/div>\n<\/p><\/div>\n<p>                <!-- Pesta\u00f1a Comprobaci\u00f3n --><\/p>\n<div id=\"comprobacion\" class=\"tab-content hidden\">\n<h2 class=\"text-xl font-bold mb-4 text-green-800\">Proceso de Comprobaci\u00f3n y Reposici\u00f3n del Gasto<\/h2>\n<div class=\"grid md:grid-cols-2 gap-6\">\n<div>\n<h3 class=\"font-semibold text-lg mb-2\">Plazos de Entrega<\/h3>\n<p class=\"text-gray-600\">Debes entregar los documentos probatorios en la Administraci\u00f3n dentro de los <span class=\"font-bold\">3 a 5 d\u00edas h\u00e1biles<\/span> posteriores al evento. El plazo de 5 d\u00edas aplica si el evento fue en un lugar distante.<\/p>\n<\/p><\/div>\n<div>\n<h3 class=\"font-semibold text-lg mb-2\">Proceso de Reposici\u00f3n<\/h3>\n<p class=\"text-gray-600\">Una vez validada la comprobaci\u00f3n, la reposici\u00f3n del gasto se realiza dentro de los <span class=\"font-bold\">10 d\u00edas h\u00e1biles<\/span> siguientes.<\/p>\n<\/p><\/div>\n<\/p><\/div>\n<div class=\"mt-6 border-t pt-6\">\n<h3 class=\"font-semibold text-lg mb-2\">Documentos Requeridos para Comprobaci\u00f3n:<\/h3>\n<ul class=\"list-disc list-inside space-y-2 text-gray-600\">\n<li>Informe de participantes y actividades (firmado por el tutor).<\/li>\n<li>Constancias de inscripci\u00f3n o asistencia al evento.<\/li>\n<li>Programa del evento o convocatoria.<\/li>\n<li>Documentaci\u00f3n que compruebe los gastos (facturas, tickets, etc.).<\/li>\n<li>Documento en papel membretado con descripci\u00f3n y fotograf\u00edas de las actividades.<\/li>\n<\/ul><\/div>\n<\/p><\/div>\n<p>                <!-- Pesta\u00f1a Facturaci\u00f3n --><\/p>\n<div id=\"facturacion\" class=\"tab-content hidden\">\n<h2 class=\"text-xl font-bold mb-4 text-indigo-800\">Datos para Realizar Facturaci\u00f3n<\/h2>\n<div class=\"bg-indigo-50 p-6 rounded-lg\">\n<div class=\"grid grid-cols-1 md:grid-cols-2 gap-x-8 gap-y-4\">\n<div><span class=\"font-semibold\">Raz\u00f3n Social:<\/span> Universidad Veracruzana<\/div>\n<div><span class=\"font-semibold\">RFC:<\/span> UVE450101FM6<\/div>\n<div class=\"md:col-span-2\"><span class=\"font-semibold\">Direcci\u00f3n:<\/span> Lomas del Estadio, S\/N. Zona Universitaria, Xalapa, Ver., C.P. 91000<\/div>\n<div><span class=\"font-semibold\">Uso del CFDI:<\/span> G03 &#8211; Gastos en General<\/div>\n<div><span class=\"font-semibold\">M\u00e9todo de pago:<\/span> PUE &#8211; Pago en Una Sola Exhibici\u00f3n<\/div>\n<div class=\"md:col-span-2\"><span class=\"font-semibold\">Forma de Pago:<\/span><\/p>\n<ul class=\"list-disc list-inside ml-4\">\n<li>01-Efectivo (m\u00e1ximo $1,999.00)<\/li>\n<li>02-Cheque nominativo<\/li>\n<li>03-Transferencia electr\u00f3nica<\/li>\n<li>04-Tarjeta de d\u00e9bito<\/li>\n<\/ul><\/div>\n<div class=\"md:col-span-2 mt-2\">\n<p class=\"text-sm text-indigo-700\"><span class=\"font-bold\">Nota:<\/span> El r\u00e9gimen fiscal es &#8220;Personas morales con fines no lucrativos&#8221;.<\/p>\n<\/p><\/div>\n<\/p><\/div>\n<\/p><\/div>\n<\/p><\/div>\n<p>                <!-- Pesta\u00f1a Recordatorios --><\/p>\n<div id=\"recordatorios\" class=\"tab-content hidden\">\n<h2 class=\"text-xl font-bold mb-4 text-yellow-800\">Puntos Clave y Recordatorios<\/h2>\n<ul class=\"space-y-4\">\n<li class=\"flex items-start space-x-3\">\n                            <svg class=\"w-6 h-6 text-yellow-500 flex-shrink-0 mt-1\" fill=\"currentColor\" viewBox=\"0 0 20 20\"><path fill-rule=\"evenodd\" d=\"M10 18a8 8 0 100-16 8 8 0 000 16zm3.707-9.293a1 1 0 00-1.414-1.414L9 10.586 7.707 9.293a1 1 0 00-1.414 1.414l2 2a1 1 0 001.414 0l4-4z\" clip-rule=\"evenodd\"><\/path><\/svg><\/p>\n<div><span class=\"font-semibold\">\u00bfQui\u00e9n solicita?<\/span> Los apoyos solo pueden ser solicitados por el Director de Tesis o Asesor adscrito al CITRO.<\/div>\n<\/li>\n<li class=\"flex items-start space-x-3\">\n                            <svg class=\"w-6 h-6 text-yellow-500 flex-shrink-0 mt-1\" fill=\"currentColor\" viewBox=\"0 0 20 20\"><path fill-rule=\"evenodd\" d=\"M10 18a8 8 0 100-16 8 8 0 000 16zm3.707-9.293a1 1 0 00-1.414-1.414L9 10.586 7.707 9.293a1 1 0 00-1.414 1.414l2 2a1 1 0 001.414 0l4-4z\" clip-rule=\"evenodd\"><\/path><\/svg><\/p>\n<div><span class=\"font-semibold\">Monto no acumulable:<\/span> Si no ejerces el apoyo en un semestre, el importe no se acumula para el siguiente.<\/div>\n<\/li>\n<li class=\"flex items-start space-x-3\">\n                            <svg class=\"w-6 h-6 text-yellow-500 flex-shrink-0 mt-1\" fill=\"currentColor\" viewBox=\"0 0 20 20\"><path fill-rule=\"evenodd\" d=\"M10 18a8 8 0 100-16 8 8 0 000 16zm3.707-9.293a1 1 0 00-1.414-1.414L9 10.586 7.707 9.293a1 1 0 00-1.414 1.414l2 2a1 1 0 001.414 0l4-4z\" clip-rule=\"evenodd\"><\/path><\/svg><\/p>\n<div><span class=\"font-semibold\">Restricciones de Fechas:<\/span> No se otorgan apoyos para eventos en fines de semana ni durante periodos vacacionales.<\/div>\n<\/li>\n<li class=\"flex items-start space-x-3\">\n                           <svg class=\"w-6 h-6 text-yellow-500 flex-shrink-0 mt-1\" fill=\"currentColor\" viewBox=\"0 0 20 20\"><path fill-rule=\"evenodd\" d=\"M10 18a8 8 0 100-16 8 8 0 000 16zm3.707-9.293a1 1 0 00-1.414-1.414L9 10.586 7.707 9.293a1 1 0 00-1.414 1.414l2 2a1 1 0 001.414 0l4-4z\" clip-rule=\"evenodd\"><\/path><\/svg><\/p>\n<div><span class=\"font-semibold\">Contacto:<\/span> Para cualquier duda, contacta a la administraci\u00f3n: <a href=\"mailto:cilopez@uv.mx\" class=\"text-blue-600 hover:underline\">cilopez@uv.mx<\/a> y <a href=\"mailto:alsegura@uv.mx\" class=\"text-blue-600 hover:underline\">alsegura@uv.mx<\/a>.<\/div>\n<\/li>\n<\/ul><\/div>\n<\/p><\/div>\n<p>        <\/main>\n    <\/div>\n<p>    <script>\n        const tabs = document.querySelectorAll('.tab-content');\n        const tabBtns = document.querySelectorAll('.tab-btn');<\/p>\n<p>        function showTab(tabId) {\n            \/\/ Ocultar todas las pesta\u00f1as\n            tabs.forEach(tab => {\n                tab.classList.add('hidden');\n            });<\/p>\n<p>            \/\/ Quitar clase activa de todos los botones\n            tabBtns.forEach(btn => {\n                btn.classList.remove('tab-active');\n            });<\/p>\n<p>            \/\/ Mostrar la pesta\u00f1a seleccionada\n            const selectedTab = document.getElementById(tabId);\n            if (selectedTab) {\n                selectedTab.classList.remove('hidden');\n            }<\/p>\n<p>            \/\/ A\u00f1adir clase activa al bot\u00f3n seleccionado\n            const selectedBtn = document.querySelector(`button[onclick=\"showTab('${tabId}')\"]`);\n            if (selectedBtn) {\n                selectedBtn.classList.add('tab-active');\n            }\n        }<\/p>\n<p>        \/\/ Mostrar la primera pesta\u00f1a por defecto\n        document.addEventListener('DOMContentLoaded', () => {\n            showTab('solicitud');\n        });\n    <\/script><\/p>\n<p><\/body><br \/>\n<\/html><\/p>\n","protected":false},"excerpt":{"rendered":"<p>Panel de Apoyos a Estudiantes &#8211; CITRO Panel de Apoyos a Estudiantes de Posgrado Centro de Investigaciones Tropicales (CITRO) &#8211; UV Apoyo M\u00e1ximo Semestral $5,000.00 MXN Proceso de Solicitud Comprobaci\u00f3n y Reposici\u00f3n Datos de Facturaci\u00f3n Puntos Clave Flujo del Proceso de Solicitud 1 Tutor Acad\u00e9mico Inicia Entrega el formato de solicitud debidamente llenado ante la [&hellip;]<\/p>\n","protected":false},"author":1,"featured_media":0,"parent":0,"menu_order":0,"comment_status":"closed","ping_status":"closed","template":"","meta":{"nf_dc_page":"","om_disable_all_campaigns":false,"_monsterinsights_skip_tracking":false,"_monsterinsights_sitenote_active":false,"_monsterinsights_sitenote_note":"","_monsterinsights_sitenote_category":0,"footnotes":""},"class_list":["post-347","page","type-page","status-publish","hentry"],"aioseo_notices":[],"jetpack_sharing_enabled":true,"_links":{"self":[{"href":"https:\/\/citro-uv.com\/website_7fbf7d4f\/wp-json\/wp\/v2\/pages\/347","targetHints":{"allow":["GET"]}}],"collection":[{"href":"https:\/\/citro-uv.com\/website_7fbf7d4f\/wp-json\/wp\/v2\/pages"}],"about":[{"href":"https:\/\/citro-uv.com\/website_7fbf7d4f\/wp-json\/wp\/v2\/types\/page"}],"author":[{"embeddable":true,"href":"https:\/\/citro-uv.com\/website_7fbf7d4f\/wp-json\/wp\/v2\/users\/1"}],"replies":[{"embeddable":true,"href":"https:\/\/citro-uv.com\/website_7fbf7d4f\/wp-json\/wp\/v2\/comments?post=347"}],"version-history":[{"count":2,"href":"https:\/\/citro-uv.com\/website_7fbf7d4f\/wp-json\/wp\/v2\/pages\/347\/revisions"}],"predecessor-version":[{"id":359,"href":"https:\/\/citro-uv.com\/website_7fbf7d4f\/wp-json\/wp\/v2\/pages\/347\/revisions\/359"}],"wp:attachment":[{"href":"https:\/\/citro-uv.com\/website_7fbf7d4f\/wp-json\/wp\/v2\/media?parent=347"}],"curies":[{"name":"wp","href":"https:\/\/api.w.org\/{rel}","templated":true}]}}